{"id":19,"date":"2023-04-04T10:03:57","date_gmt":"2023-04-04T08:03:57","guid":{"rendered":"https:\/?page_id=19"},"modified":"2025-02-03T14:28:29","modified_gmt":"2025-02-03T13:28:29","slug":"accueil","status":"publish","type":"page","link":"https:\/\/cpedema.fr\/","title":{"rendered":"Accueil"},"content":{"rendered":"\t\t<div data-elementor-type=\"wp-page\" data-elementor-id=\"19\" class=\"elementor elementor-19\">\n\t\t\t\t\t\t<section class=\"elementor-section elementor-top-section elementor-element elementor-element-cb597a7 elementor-section-full_width elementor-section-height-default elementor-section-height-default\" data-id=\"cb597a7\" data-element_type=\"section\" data-e-type=\"section\">\n\t\t\t\t\t\t<div class=\"elementor-container elementor-column-gap-default\">\n\t\t\t\t\t<div class=\"elementor-column elementor-col-100 elementor-top-column elementor-element elementor-element-bafdcdf\" data-id=\"bafdcdf\" data-element_type=\"column\" data-e-type=\"column\">\n\t\t\t<div class=\"elementor-widget-wrap elementor-element-populated\">\n\t\t\t\t\t\t<section class=\"elementor-section elementor-inner-section elementor-element elementor-element-5bd8f02 elementor-section-boxed elementor-section-height-default elementor-section-height-default\" data-id=\"5bd8f02\" data-element_type=\"section\" data-e-type=\"section\">\n\t\t\t\t\t\t<div class=\"elementor-container elementor-column-gap-default\">\n\t\t\t\t\t<div class=\"elementor-column elementor-col-100 elementor-inner-column elementor-element elementor-element-21b9aa5\" data-id=\"21b9aa5\" data-element_type=\"column\" data-e-type=\"column\" data-settings=\"{&quot;background_background&quot;:&quot;classic&quot;}\">\n\t\t\t<div class=\"elementor-widget-wrap elementor-element-populated\">\n\t\t\t\t\t\t<div class=\"elementor-element elementor-element-347e508 elementor-widget elementor-widget-text-editor\" data-id=\"347e508\" data-element_type=\"widget\" data-e-type=\"widget\" data-widget_type=\"text-editor.default\">\n\t\t\t\t<div class=\"elementor-widget-container\">\n\t\t\t\t\t\t\t\t\t<p style=\"text-align: center;\"><span style=\"color: #3366ff; font-family: Tahoma, sans-serif; font-size: 24px; font-style: normal; font-variant-ligatures: normal; font-variant-caps: normal; font-weight: 600; text-align: center; text-transform: uppercase; white-space-collapse: preserve;\">PRESTATION ET COORDINATION DE SOINS \u00c0 DOMICILE <\/span><\/p><p style=\"text-align: center;\"><span style=\"color: #3366ff; font-family: Tahoma, sans-serif; font-size: 24px; font-style: normal; font-variant-ligatures: normal; font-variant-caps: normal; font-weight: 600; text-align: center; text-transform: uppercase; white-space-collapse: preserve;\">DANS LA PRISE EN CHARGE DES PLAIES <\/span><\/p><p style=\"text-align: center;\"><span style=\"color: #3366ff; font-family: Tahoma, sans-serif; font-size: 24px; font-style: normal; font-variant-ligatures: normal; font-variant-caps: normal; font-weight: 600; text-align: center; text-transform: uppercase; white-space-collapse: preserve;\">ET LE RETARD DE CICATRISATION POST CHIRURGIE<\/span><\/p>\t\t\t\t\t\t\t\t<\/div>\n\t\t\t\t<\/div>\n\t\t\t\t\t<\/div>\n\t\t<\/div>\n\t\t\t\t\t<\/div>\n\t\t<\/section>\n\t\t\t\t<div class=\"elementor-element elementor-element-876cba8 elementor-widget elementor-widget-accordion\" data-id=\"876cba8\" data-element_type=\"widget\" data-e-type=\"widget\" data-widget_type=\"accordion.default\">\n\t\t\t\t<div class=\"elementor-widget-container\">\n\t\t\t\t\t\t\t<div class=\"elementor-accordion\">\n\t\t\t\t\t\t\t<div class=\"elementor-accordion-item\">\n\t\t\t\t\t<div id=\"elementor-tab-title-1421\" class=\"elementor-tab-title\" data-tab=\"1\" role=\"button\" aria-controls=\"elementor-tab-content-1421\" aria-expanded=\"false\">\n\t\t\t\t\t\t\t\t\t\t\t\t\t<span class=\"elementor-accordion-icon elementor-accordion-icon-left\" aria-hidden=\"true\">\n\t\t\t\t\t\t\t\t\t\t\t\t\t\t\t<span class=\"elementor-accordion-icon-closed\"><i class=\"fas fa-plus\"><\/i><\/span>\n\t\t\t\t\t\t\t\t<span class=\"elementor-accordion-icon-opened\"><i class=\"fas fa-minus\"><\/i><\/span>\n\t\t\t\t\t\t\t\t\t\t\t\t\t\t<\/span>\n\t\t\t\t\t\t\t\t\t\t\t\t<a class=\"elementor-accordion-title\" tabindex=\"0\">PROTOCOLE ADAPT\u00c9 <\/a>\n\t\t\t\t\t<\/div>\n\t\t\t\t\t<div id=\"elementor-tab-content-1421\" class=\"elementor-tab-content elementor-clearfix\" data-tab=\"1\" role=\"region\" aria-labelledby=\"elementor-tab-title-1421\"><p><span style=\"color: #000000; font-family: Tahoma, sans-serif; font-size: 18.6667px; font-style: normal; font-variant-ligatures: normal; font-variant-caps: normal; font-weight: 400; text-align: center; text-transform: uppercase;\">AUX BESOINS DU PATIENT<\/span><\/p><\/div>\n\t\t\t\t<\/div>\n\t\t\t\t\t\t\t<div class=\"elementor-accordion-item\">\n\t\t\t\t\t<div id=\"elementor-tab-title-1422\" class=\"elementor-tab-title\" data-tab=\"2\" role=\"button\" aria-controls=\"elementor-tab-content-1422\" aria-expanded=\"false\">\n\t\t\t\t\t\t\t\t\t\t\t\t\t<span class=\"elementor-accordion-icon elementor-accordion-icon-left\" aria-hidden=\"true\">\n\t\t\t\t\t\t\t\t\t\t\t\t\t\t\t<span class=\"elementor-accordion-icon-closed\"><i class=\"fas fa-plus\"><\/i><\/span>\n\t\t\t\t\t\t\t\t<span class=\"elementor-accordion-icon-opened\"><i class=\"fas fa-minus\"><\/i><\/span>\n\t\t\t\t\t\t\t\t\t\t\t\t\t\t<\/span>\n\t\t\t\t\t\t\t\t\t\t\t\t<a class=\"elementor-accordion-title\" tabindex=\"0\">PRISE EN CHARGE NUTRITION <\/a>\n\t\t\t\t\t<\/div>\n\t\t\t\t\t<div id=\"elementor-tab-content-1422\" class=\"elementor-tab-content elementor-clearfix\" data-tab=\"2\" role=\"region\" aria-labelledby=\"elementor-tab-title-1422\"><p><span style=\"color: #000000; font-family: Tahoma, sans-serif; font-size: 18.6667px; font-style: normal; font-variant-ligatures: normal; font-variant-caps: normal; font-weight: 400; text-align: center; text-transform: uppercase;\">(EVALUATION ET APPORT DES BESOINS EN COMPLEMENTS)<\/span><\/p><\/div>\n\t\t\t\t<\/div>\n\t\t\t\t\t\t\t<div class=\"elementor-accordion-item\">\n\t\t\t\t\t<div id=\"elementor-tab-title-1423\" class=\"elementor-tab-title\" data-tab=\"3\" role=\"button\" aria-controls=\"elementor-tab-content-1423\" aria-expanded=\"false\">\n\t\t\t\t\t\t\t\t\t\t\t\t\t<span class=\"elementor-accordion-icon elementor-accordion-icon-left\" aria-hidden=\"true\">\n\t\t\t\t\t\t\t\t\t\t\t\t\t\t\t<span class=\"elementor-accordion-icon-closed\"><i class=\"fas fa-plus\"><\/i><\/span>\n\t\t\t\t\t\t\t\t<span class=\"elementor-accordion-icon-opened\"><i class=\"fas fa-minus\"><\/i><\/span>\n\t\t\t\t\t\t\t\t\t\t\t\t\t\t<\/span>\n\t\t\t\t\t\t\t\t\t\t\t\t<a class=\"elementor-accordion-title\" tabindex=\"0\">MAT\u00c9RIEL LAISS\u00c9 EN FONCTION DU PROTOCOLE<\/a>\n\t\t\t\t\t<\/div>\n\t\t\t\t\t<div id=\"elementor-tab-content-1423\" class=\"elementor-tab-content elementor-clearfix\" data-tab=\"3\" role=\"region\" aria-labelledby=\"elementor-tab-title-1423\"><p><span style=\"color: #000000; font-family: Tahoma, sans-serif; font-size: 18.6667px; font-style: normal; font-variant-ligatures: normal; font-variant-caps: normal; font-weight: 400; text-align: center; text-transform: uppercase;\">PAR QUINZAINE<\/span><\/p><\/div>\n\t\t\t\t<\/div>\n\t\t\t\t\t\t\t<div class=\"elementor-accordion-item\">\n\t\t\t\t\t<div id=\"elementor-tab-title-1424\" class=\"elementor-tab-title\" data-tab=\"4\" role=\"button\" aria-controls=\"elementor-tab-content-1424\" aria-expanded=\"false\">\n\t\t\t\t\t\t\t\t\t\t\t\t\t<span class=\"elementor-accordion-icon elementor-accordion-icon-left\" aria-hidden=\"true\">\n\t\t\t\t\t\t\t\t\t\t\t\t\t\t\t<span class=\"elementor-accordion-icon-closed\"><i class=\"fas fa-plus\"><\/i><\/span>\n\t\t\t\t\t\t\t\t<span class=\"elementor-accordion-icon-opened\"><i class=\"fas fa-minus\"><\/i><\/span>\n\t\t\t\t\t\t\t\t\t\t\t\t\t\t<\/span>\n\t\t\t\t\t\t\t\t\t\t\t\t<a class=\"elementor-accordion-title\" tabindex=\"0\">PAS DE SURCONSOMMATION<\/a>\n\t\t\t\t\t<\/div>\n\t\t\t\t\t<div id=\"elementor-tab-content-1424\" class=\"elementor-tab-content elementor-clearfix\" data-tab=\"4\" role=\"region\" aria-labelledby=\"elementor-tab-title-1424\"><p>(\u00c9VITER LE SURSTOCKAGE ET GASPILLAGE AU DOMICILE)<\/p><\/div>\n\t\t\t\t<\/div>\n\t\t\t\t\t\t\t\t<\/div>\n\t\t\t\t\t\t<\/div>\n\t\t\t\t<\/div>\n\t\t\t\t<div class=\"elementor-element elementor-element-b6e3d6e elementor-arrows-position-inside elementor-pagination-position-outside elementor-widget elementor-widget-image-carousel\" data-id=\"b6e3d6e\" data-element_type=\"widget\" data-e-type=\"widget\" data-settings=\"{&quot;navigation&quot;:&quot;both&quot;,&quot;autoplay&quot;:&quot;yes&quot;,&quot;pause_on_hover&quot;:&quot;yes&quot;,&quot;pause_on_interaction&quot;:&quot;yes&quot;,&quot;autoplay_speed&quot;:5000,&quot;infinite&quot;:&quot;yes&quot;,&quot;speed&quot;:500}\" data-widget_type=\"image-carousel.default\">\n\t\t\t\t<div class=\"elementor-widget-container\">\n\t\t\t\t\t\t\t<div class=\"elementor-image-carousel-wrapper swiper\" role=\"region\" aria-roledescription=\"carousel\" aria-label=\"Carrousel d\u2019images\" dir=\"ltr\">\n\t\t\t<div class=\"elementor-image-carousel swiper-wrapper\" aria-live=\"off\">\n\t\t\t\t\t\t\t\t<div class=\"swiper-slide\" role=\"group\" aria-roledescription=\"slide\" aria-label=\"1 sur 6\"><figure class=\"swiper-slide-inner\"><img decoding=\"async\" class=\"swiper-slide-image\" src=\"https:\/\/cpedema.fr\/wp-content\/uploads\/2023\/07\/AdobeStock_75313743-1024x683.jpeg\" alt=\"Helping hands, care for the elderly concept\" \/><\/figure><\/div><div class=\"swiper-slide\" role=\"group\" aria-roledescription=\"slide\" aria-label=\"2 sur 6\"><figure class=\"swiper-slide-inner\"><img decoding=\"async\" class=\"swiper-slide-image\" src=\"https:\/\/cpedema.fr\/wp-content\/uploads\/2023\/07\/AdobeStock_193856631_Preview.jpeg\" alt=\"AdobeStock_193856631_Preview\" \/><\/figure><\/div><div class=\"swiper-slide\" role=\"group\" aria-roledescription=\"slide\" aria-label=\"3 sur 6\"><figure class=\"swiper-slide-inner\"><img decoding=\"async\" class=\"swiper-slide-image\" src=\"https:\/\/cpedema.fr\/wp-content\/uploads\/2023\/07\/AdobeStock_546207185_Preview.jpeg\" alt=\"AdobeStock_546207185_Preview\" \/><\/figure><\/div><div class=\"swiper-slide\" role=\"group\" aria-roledescription=\"slide\" aria-label=\"4 sur 6\"><figure class=\"swiper-slide-inner\"><img decoding=\"async\" class=\"swiper-slide-image\" src=\"https:\/\/cpedema.fr\/wp-content\/uploads\/2023\/07\/image-pansement-.jpg\" alt=\"image pansement\" \/><\/figure><\/div><div class=\"swiper-slide\" role=\"group\" aria-roledescription=\"slide\" aria-label=\"5 sur 6\"><figure class=\"swiper-slide-inner\"><img decoding=\"async\" class=\"swiper-slide-image\" src=\"https:\/\/cpedema.fr\/wp-content\/uploads\/2023\/07\/image-pansement.jpg\" alt=\"image pansement\" \/><\/figure><\/div><div class=\"swiper-slide\" role=\"group\" aria-roledescription=\"slide\" aria-label=\"6 sur 6\"><figure class=\"swiper-slide-inner\"><img decoding=\"async\" class=\"swiper-slide-image\" src=\"https:\/\/cpedema.fr\/wp-content\/uploads\/2023\/07\/AdobeStock_78342757_Preview.jpeg\" alt=\"AdobeStock_78342757_Preview\" \/><\/figure><\/div>\t\t\t<\/div>\n\t\t\t\t\t\t\t\t\t\t\t\t<div class=\"elementor-swiper-button elementor-swiper-button-prev\" role=\"button\" tabindex=\"0\">\n\t\t\t\t\t\t<i aria-hidden=\"true\" class=\"eicon-chevron-left\"><\/i>\t\t\t\t\t<\/div>\n\t\t\t\t\t<div class=\"elementor-swiper-button elementor-swiper-button-next\" role=\"button\" tabindex=\"0\">\n\t\t\t\t\t\t<i aria-hidden=\"true\" class=\"eicon-chevron-right\"><\/i>\t\t\t\t\t<\/div>\n\t\t\t\t\n\t\t\t\t\t\t\t\t\t<div class=\"swiper-pagination\"><\/div>\n\t\t\t\t\t\t\t\t\t<\/div>\n\t\t\t\t\t\t<\/div>\n\t\t\t\t<\/div>\n\t\t\t\t<div class=\"elementor-element elementor-element-0cc3564 elementor-invisible elementor-widget elementor-widget-text-editor\" data-id=\"0cc3564\" data-element_type=\"widget\" data-e-type=\"widget\" data-settings=\"{&quot;_animation&quot;:&quot;zoomIn&quot;}\" data-widget_type=\"text-editor.default\">\n\t\t\t\t<div class=\"elementor-widget-container\">\n\t\t\t\t\t\t\t\t\t<p>\u00a0<\/p><p><span style=\"color: black; font-family: Tahoma, sans-serif; font-size: 14pt; text-transform: uppercase;\"><span style=\"color: black; font-family: Tahoma, sans-serif; font-size: 14pt; text-transform: uppercase;\">Travail en collaboration avec les cabinets infirmiers<\/span><\/span><\/p><p><span style=\"color: black; font-family: Tahoma, sans-serif; font-size: 14pt; text-transform: uppercase;\"><span style=\"color: black; font-family: Tahoma, sans-serif; font-size: 14pt; text-transform: uppercase;\">Aucun d\u00e9passement pour le patient (utilisation du tiers payant)<\/span><\/span><\/p><p><span style=\"color: black; font-family: Tahoma, sans-serif; font-size: 14pt; text-transform: uppercase;\"><span style=\"color: black; font-family: Tahoma, sans-serif; font-size: 14pt; text-transform: uppercase;\">M\u00e9decins g\u00e9n\u00e9ralistes, sp\u00e9cialistes et cabinets infirmiers peuvent nous contacter facilement<\/span><\/span><\/p><p><span style=\"color: black; font-family: Tahoma, sans-serif; font-size: 14pt; text-transform: uppercase;\"><span style=\"color: black; font-family: Tahoma, sans-serif; font-size: 14pt; text-transform: uppercase;\">Interventions localis\u00e9es dans le 44, 85 et 49 (limite 100km)<\/span><\/span><\/p><p><span style=\"color: black; font-family: Tahoma, sans-serif; font-size: 14pt; text-transform: uppercase;\">Activit\u00e9 r\u00e8glement\u00e9 par la charte des prestataires \u00e0 Domicile<\/span><\/p><p><img fetchpriority=\"high\" decoding=\"async\" class=\"alignnone size-medium wp-image-9\" src=\"\/\/\/wp-content\/uploads\/2023\/04\/Carte-des-departements-des-de-la-Loire-300x282.jpg\" alt=\"\" width=\"300\" height=\"282\" srcset=\"https:\/\/cpedema.fr\/wp-content\/uploads\/2023\/04\/Carte-des-departements-des-de-la-Loire-300x282.jpg 300w, https:\/\/cpedema.fr\/wp-content\/uploads\/2023\/04\/Carte-des-departements-des-de-la-Loire-1024x962.jpg 1024w, https:\/\/cpedema.fr\/wp-content\/uploads\/2023\/04\/Carte-des-departements-des-de-la-Loire-768x721.jpg 768w, https:\/\/cpedema.fr\/wp-content\/uploads\/2023\/04\/Carte-des-departements-des-de-la-Loire-1536x1443.jpg 1536w, https:\/\/cpedema.fr\/wp-content\/uploads\/2023\/04\/Carte-des-departements-des-de-la-Loire-2048x1924.jpg 2048w\" sizes=\"(max-width: 300px) 100vw, 300px\" \/><\/p>\t\t\t\t\t\t\t\t<\/div>\n\t\t\t\t<\/div>\n\t\t\t\t\t<\/div>\n\t\t<\/div>\n\t\t\t\t\t<\/div>\n\t\t<\/section>\n\t\t\t\t<section class=\"elementor-section elementor-top-section elementor-element elementor-element-bdc628f elementor-section-boxed elementor-section-height-default elementor-section-height-default\" data-id=\"bdc628f\" data-element_type=\"section\" data-e-type=\"section\">\n\t\t\t\t\t\t<div class=\"elementor-container elementor-column-gap-default\">\n\t\t\t\t\t<div class=\"elementor-column elementor-col-100 elementor-top-column elementor-element elementor-element-385d47e\" data-id=\"385d47e\" data-element_type=\"column\" data-e-type=\"column\">\n\t\t\t<div class=\"elementor-widget-wrap elementor-element-populated\">\n\t\t\t\t\t\t<div class=\"elementor-element elementor-element-863dfe3 elementor-widget elementor-widget-google_maps\" data-id=\"863dfe3\" data-element_type=\"widget\" data-e-type=\"widget\" data-widget_type=\"google_maps.default\">\n\t\t\t\t<div class=\"elementor-widget-container\">\n\t\t\t\t\t\t\t<div class=\"elementor-custom-embed\">\n\t\t\t<iframe loading=\"lazy\"\n\t\t\t\t\tsrc=\"https:\/\/maps.google.com\/maps?q=3%20Rue%20de%20Tasmanie%2044115%20Basse-Goulaine&#038;t=m&#038;z=12&#038;output=embed&#038;iwloc=near\"\n\t\t\t\t\ttitle=\"3 Rue de Tasmanie 44115 Basse-Goulaine\"\n\t\t\t\t\taria-label=\"3 Rue de Tasmanie 44115 Basse-Goulaine\"\n\t\t\t><\/iframe>\n\t\t<\/div>\n\t\t\t\t\t\t<\/div>\n\t\t\t\t<\/div>\n\t\t\t\t\t<\/div>\n\t\t<\/div>\n\t\t\t\t\t<\/div>\n\t\t<\/section>\n\t\t\t\t<\/div>\n\t\t","protected":false},"excerpt":{"rendered":"<p>PRESTATION ET COORDINATION DE SOINS \u00c0 DOMICILE DANS LA PRISE EN CHARGE DES PLAIES ET LE RETARD DE CICATRISATION POST CHIRURGIE PROTOCOLE ADAPT\u00c9 AUX BESOINS DU PATIENT PRISE EN CHARGE NUTRITION (EVALUATION ET APPORT DES BESOINS EN COMPLEMENTS) MAT\u00c9RIEL LAISS\u00c9 EN FONCTION DU PROTOCOLE PAR QUINZAINE PAS DE SURCONSOMMATION (\u00c9VITER LE SURSTOCKAGE ET GASPILLAGE AU [&hellip;]<\/p>\n","protected":false},"author":1,"featured_media":0,"parent":0,"menu_order":0,"comment_status":"closed","ping_status":"closed","template":"elementor_header_footer","meta":{"zakra_sidebar_layout":"customizer","zakra_remove_content_margin":false,"zakra_sidebar":"customizer","zakra_transparent_header":"customizer","zakra_logo":0,"zakra_main_header_style":"default","zakra_menu_item_color":"","zakra_menu_item_hover_color":"","zakra_menu_item_active_color":"","zakra_menu_active_style":"","zakra_page_header":true,"footnotes":""},"class_list":["post-19","page","type-page","status-publish","hentry"],"yoast_head":"<!-- This site is optimized with the Yoast SEO plugin v24.3 - https:\/\/yoast.com\/wordpress\/plugins\/seo\/ -->\n<title>Accueil - CPEDema<\/title>\n<meta name=\"description\" content=\"CPEDema Page d&#039;accueil, Intervention \u00e0 domicile, soins \u00e0 domicile\" \/>\n<meta name=\"robots\" content=\"index, follow, max-snippet:-1, max-image-preview:large, max-video-preview:-1\" \/>\n<link rel=\"canonical\" href=\"https:\/\/cpedema.fr\/\" \/>\n<meta property=\"og:locale\" content=\"fr_FR\" \/>\n<meta property=\"og:type\" content=\"article\" \/>\n<meta property=\"og:title\" content=\"Accueil - CPEDema\" \/>\n<meta property=\"og:description\" content=\"CPEDema Page d&#039;accueil, Intervention \u00e0 domicile, soins \u00e0 domicile\" \/>\n<meta property=\"og:url\" content=\"https:\/\/cpedema.fr\/\" \/>\n<meta property=\"og:site_name\" content=\"CPEDema\" \/>\n<meta property=\"article:modified_time\" content=\"2025-02-03T13:28:29+00:00\" \/>\n<meta name=\"twitter:card\" content=\"summary_large_image\" \/>\n<meta name=\"twitter:label1\" content=\"Dur\u00e9e de lecture estim\u00e9e\" \/>\n\t<meta name=\"twitter:data1\" content=\"2 minutes\" \/>\n<script type=\"application\/ld+json\" class=\"yoast-schema-graph\">{\"@context\":\"https:\/\/schema.org\",\"@graph\":[{\"@type\":\"WebPage\",\"@id\":\"https:\/\/cpedema.fr\/\",\"url\":\"https:\/\/cpedema.fr\/\",\"name\":\"Accueil - CPEDema\",\"isPartOf\":{\"@id\":\"https:\/\/cpedema.fr\/#website\"},\"datePublished\":\"2023-04-04T08:03:57+00:00\",\"dateModified\":\"2025-02-03T13:28:29+00:00\",\"description\":\"CPEDema Page d'accueil, Intervention \u00e0 domicile, soins \u00e0 domicile\",\"breadcrumb\":{\"@id\":\"https:\/\/cpedema.fr\/#breadcrumb\"},\"inLanguage\":\"fr-FR\",\"potentialAction\":[{\"@type\":\"ReadAction\",\"target\":[\"https:\/\/cpedema.fr\/\"]}]},{\"@type\":\"BreadcrumbList\",\"@id\":\"https:\/\/cpedema.fr\/#breadcrumb\",\"itemListElement\":[{\"@type\":\"ListItem\",\"position\":1,\"name\":\"Accueil\",\"item\":\"https:\/\/cpedema.fr\/\"},{\"@type\":\"ListItem\",\"position\":2,\"name\":\"Accueil\"}]},{\"@type\":\"WebSite\",\"@id\":\"https:\/\/cpedema.fr\/#website\",\"url\":\"https:\/\/cpedema.fr\/\",\"name\":\"CPEDema\",\"description\":\"Cicatrisation Plaies Expertises\u00a0\u00e0\u00a0Domicile\",\"publisher\":{\"@id\":\"https:\/\/cpedema.fr\/#organization\"},\"potentialAction\":[{\"@type\":\"SearchAction\",\"target\":{\"@type\":\"EntryPoint\",\"urlTemplate\":\"https:\/\/cpedema.fr\/?s={search_term_string}\"},\"query-input\":{\"@type\":\"PropertyValueSpecification\",\"valueRequired\":true,\"valueName\":\"search_term_string\"}}],\"inLanguage\":\"fr-FR\"},{\"@type\":\"Organization\",\"@id\":\"https:\/\/cpedema.fr\/#organization\",\"name\":\"CPEDema\",\"url\":\"https:\/\/cpedema.fr\/\",\"logo\":{\"@type\":\"ImageObject\",\"inLanguage\":\"fr-FR\",\"@id\":\"https:\/\/cpedema.fr\/#\/schema\/logo\/image\/\",\"url\":\"https:\/\/cpedema.fr\/wp-content\/uploads\/2025\/01\/CPEDema_LOGOTYPE.png\",\"contentUrl\":\"https:\/\/cpedema.fr\/wp-content\/uploads\/2025\/01\/CPEDema_LOGOTYPE.png\",\"width\":4961,\"height\":3508,\"caption\":\"CPEDema\"},\"image\":{\"@id\":\"https:\/\/cpedema.fr\/#\/schema\/logo\/image\/\"}}]}<\/script>\n<!-- \/ Yoast SEO plugin. -->","yoast_head_json":{"title":"Accueil - CPEDema","description":"CPEDema Page d'accueil, Intervention \u00e0 domicile, soins \u00e0 domicile","robots":{"index":"index","follow":"follow","max-snippet":"max-snippet:-1","max-image-preview":"max-image-preview:large","max-video-preview":"max-video-preview:-1"},"canonical":"https:\/\/cpedema.fr\/","og_locale":"fr_FR","og_type":"article","og_title":"Accueil - CPEDema","og_description":"CPEDema Page d'accueil, Intervention \u00e0 domicile, soins \u00e0 domicile","og_url":"https:\/\/cpedema.fr\/","og_site_name":"CPEDema","article_modified_time":"2025-02-03T13:28:29+00:00","twitter_card":"summary_large_image","twitter_misc":{"Dur\u00e9e de lecture estim\u00e9e":"2 minutes"},"schema":{"@context":"https:\/\/schema.org","@graph":[{"@type":"WebPage","@id":"https:\/\/cpedema.fr\/","url":"https:\/\/cpedema.fr\/","name":"Accueil - CPEDema","isPartOf":{"@id":"https:\/\/cpedema.fr\/#website"},"datePublished":"2023-04-04T08:03:57+00:00","dateModified":"2025-02-03T13:28:29+00:00","description":"CPEDema Page d'accueil, Intervention \u00e0 domicile, soins \u00e0 domicile","breadcrumb":{"@id":"https:\/\/cpedema.fr\/#breadcrumb"},"inLanguage":"fr-FR","potentialAction":[{"@type":"ReadAction","target":["https:\/\/cpedema.fr\/"]}]},{"@type":"BreadcrumbList","@id":"https:\/\/cpedema.fr\/#breadcrumb","itemListElement":[{"@type":"ListItem","position":1,"name":"Accueil","item":"https:\/\/cpedema.fr\/"},{"@type":"ListItem","position":2,"name":"Accueil"}]},{"@type":"WebSite","@id":"https:\/\/cpedema.fr\/#website","url":"https:\/\/cpedema.fr\/","name":"CPEDema","description":"Cicatrisation Plaies Expertises\u00a0\u00e0\u00a0Domicile","publisher":{"@id":"https:\/\/cpedema.fr\/#organization"},"potentialAction":[{"@type":"SearchAction","target":{"@type":"EntryPoint","urlTemplate":"https:\/\/cpedema.fr\/?s={search_term_string}"},"query-input":{"@type":"PropertyValueSpecification","valueRequired":true,"valueName":"search_term_string"}}],"inLanguage":"fr-FR"},{"@type":"Organization","@id":"https:\/\/cpedema.fr\/#organization","name":"CPEDema","url":"https:\/\/cpedema.fr\/","logo":{"@type":"ImageObject","inLanguage":"fr-FR","@id":"https:\/\/cpedema.fr\/#\/schema\/logo\/image\/","url":"https:\/\/cpedema.fr\/wp-content\/uploads\/2025\/01\/CPEDema_LOGOTYPE.png","contentUrl":"https:\/\/cpedema.fr\/wp-content\/uploads\/2025\/01\/CPEDema_LOGOTYPE.png","width":4961,"height":3508,"caption":"CPEDema"},"image":{"@id":"https:\/\/cpedema.fr\/#\/schema\/logo\/image\/"}}]}},"_links":{"self":[{"href":"https:\/\/cpedema.fr\/index.php?rest_route=\/wp\/v2\/pages\/19","targetHints":{"allow":["GET"]}}],"collection":[{"href":"https:\/\/cpedema.fr\/index.php?rest_route=\/wp\/v2\/pages"}],"about":[{"href":"https:\/\/cpedema.fr\/index.php?rest_route=\/wp\/v2\/types\/page"}],"author":[{"embeddable":true,"href":"https:\/\/cpedema.fr\/index.php?rest_route=\/wp\/v2\/users\/1"}],"replies":[{"embeddable":true,"href":"https:\/\/cpedema.fr\/index.php?rest_route=%2Fwp%2Fv2%2Fcomments&post=19"}],"version-history":[{"count":92,"href":"https:\/\/cpedema.fr\/index.php?rest_route=\/wp\/v2\/pages\/19\/revisions"}],"predecessor-version":[{"id":237,"href":"https:\/\/cpedema.fr\/index.php?rest_route=\/wp\/v2\/pages\/19\/revisions\/237"}],"wp:attachment":[{"href":"https:\/\/cpedema.fr\/index.php?rest_route=%2Fwp%2Fv2%2Fmedia&parent=19"}],"curies":[{"name":"wp","href":"https:\/\/api.w.org\/{rel}","templated":true}]}}