{"id":71,"date":"2023-04-04T11:36:26","date_gmt":"2023-04-04T09:36:26","guid":{"rendered":"https:\/?page_id=71"},"modified":"2025-02-03T12:55:37","modified_gmt":"2025-02-03T11:55:37","slug":"qui-sommes-nous","status":"publish","type":"page","link":"https:\/\/cpedema.fr\/?page_id=71","title":{"rendered":"Qui sommes nous ?"},"content":{"rendered":"\t\t<div data-elementor-type=\"wp-page\" data-elementor-id=\"71\" class=\"elementor elementor-71\">\n\t\t\t\t\t\t<section class=\"elementor-section elementor-top-section elementor-element elementor-element-53bb930 elementor-section-boxed elementor-section-height-default elementor-section-height-default\" data-id=\"53bb930\" data-element_type=\"section\" data-e-type=\"section\">\n\t\t\t\t\t\t<div class=\"elementor-container elementor-column-gap-default\">\n\t\t\t\t\t<div class=\"elementor-column elementor-col-100 elementor-top-column elementor-element elementor-element-c5eaf1f\" data-id=\"c5eaf1f\" data-element_type=\"column\" data-e-type=\"column\">\n\t\t\t<div class=\"elementor-widget-wrap\">\n\t\t\t\t\t\t\t<\/div>\n\t\t<\/div>\n\t\t\t\t\t<\/div>\n\t\t<\/section>\n\t\t\t\t<section class=\"elementor-section elementor-top-section elementor-element elementor-element-ba341d7 elementor-section-boxed elementor-section-height-default elementor-section-height-default\" data-id=\"ba341d7\" data-element_type=\"section\" data-e-type=\"section\">\n\t\t\t\t\t\t<div class=\"elementor-container elementor-column-gap-default\">\n\t\t\t\t\t<div class=\"elementor-column elementor-col-50 elementor-top-column elementor-element elementor-element-0331ff0\" data-id=\"0331ff0\" data-element_type=\"column\" data-e-type=\"column\">\n\t\t\t<div class=\"elementor-widget-wrap elementor-element-populated\">\n\t\t\t\t\t\t<div class=\"elementor-element elementor-element-acbdc2e elementor-widget elementor-widget-text-editor\" data-id=\"acbdc2e\" data-element_type=\"widget\" data-e-type=\"widget\" data-widget_type=\"text-editor.default\">\n\t\t\t\t<div class=\"elementor-widget-container\">\n\t\t\t\t\t\t\t\t\t<p><img fetchpriority=\"high\" decoding=\"async\" class=\"size-medium wp-image-7 aligncenter\" src=\"https:\/\/cpedema.fr\/wp-content\/uploads\/2023\/04\/IMG_20230320_164420_edit_124460336799237-199x300.jpg\" alt=\"\" width=\"199\" height=\"300\" srcset=\"https:\/\/cpedema.fr\/wp-content\/uploads\/2023\/04\/IMG_20230320_164420_edit_124460336799237-199x300.jpg 199w, https:\/\/cpedema.fr\/wp-content\/uploads\/2023\/04\/IMG_20230320_164420_edit_124460336799237-681x1024.jpg 681w, https:\/\/cpedema.fr\/wp-content\/uploads\/2023\/04\/IMG_20230320_164420_edit_124460336799237-768x1156.jpg 768w, https:\/\/cpedema.fr\/wp-content\/uploads\/2023\/04\/IMG_20230320_164420_edit_124460336799237-1021x1536.jpg 1021w, https:\/\/cpedema.fr\/wp-content\/uploads\/2023\/04\/IMG_20230320_164420_edit_124460336799237-1361x2048.jpg 1361w, https:\/\/cpedema.fr\/wp-content\/uploads\/2023\/04\/IMG_20230320_164420_edit_124460336799237.jpg 1520w\" sizes=\"(max-width: 199px) 100vw, 199px\" \/><\/p><p style=\"text-align: center;\"><span style=\"color: #99ccff;\"><b>Emmanuelle Marruchi<\/b><\/span><\/p><ul><li>Infirmi\u00e8re depuis 20 ans, exp\u00e9riences diverses (Gyn\u00e9cologie, Orthop\u00e9die, G\u00e9riatrie, soins de suite, M\u00e9decine, Oncologie\u2026)<\/li><\/ul><ul><li>Exp\u00e9rience dans la prise en charge des plaies et du retard de cicatrisation depuis 9 ans<p><strong>Infirmi\u00e8re experte DU Plaies depuis 2020<\/strong><\/p><\/li><\/ul>\t\t\t\t\t\t\t\t<\/div>\n\t\t\t\t<\/div>\n\t\t\t\t\t<\/div>\n\t\t<\/div>\n\t\t\t\t<div class=\"elementor-column elementor-col-50 elementor-top-column elementor-element elementor-element-d420efe\" data-id=\"d420efe\" data-element_type=\"column\" data-e-type=\"column\">\n\t\t\t<div class=\"elementor-widget-wrap elementor-element-populated\">\n\t\t\t\t\t\t<div class=\"elementor-element elementor-element-603cfab elementor-widget elementor-widget-text-editor\" data-id=\"603cfab\" data-element_type=\"widget\" data-e-type=\"widget\" data-widget_type=\"text-editor.default\">\n\t\t\t\t<div class=\"elementor-widget-container\">\n\t\t\t\t\t\t\t\t\t<p><img decoding=\"async\" class=\"size-medium wp-image-6 aligncenter\" src=\"https:\/\/cpedema.fr\/wp-content\/uploads\/2023\/04\/IMG_20230320_164341-225x300.jpg\" alt=\"\" width=\"225\" height=\"300\" srcset=\"https:\/\/cpedema.fr\/wp-content\/uploads\/2023\/04\/IMG_20230320_164341-225x300.jpg 225w, https:\/\/cpedema.fr\/wp-content\/uploads\/2023\/04\/IMG_20230320_164341-768x1024.jpg 768w, https:\/\/cpedema.fr\/wp-content\/uploads\/2023\/04\/IMG_20230320_164341-1152x1536.jpg 1152w, https:\/\/cpedema.fr\/wp-content\/uploads\/2023\/04\/IMG_20230320_164341-1536x2048.jpg 1536w, https:\/\/cpedema.fr\/wp-content\/uploads\/2023\/04\/IMG_20230320_164341-scaled.jpg 1920w\" sizes=\"(max-width: 225px) 100vw, 225px\" \/><\/p><p align=\"center\"><span style=\"color: #99ccff;\"><b>Marie-Am\u00e9lie <\/b><b>\u00a0<\/b><b>GARREAU<\/b><\/span><\/p><ul><li>\u00a0Infirmi\u00e8re depuis 17 ans, exp\u00e9riences diverses (Chirurgie orthop\u00e9dique, g\u00e9n\u00e9rale et ambulatoire, service de m\u00e9decine interne)<\/li><li>Exp\u00e9rience dans la prise en charge des plaies et du retard de cicatrisation depuis 3 ans<\/li><\/ul>\t\t\t\t\t\t\t\t<\/div>\n\t\t\t\t<\/div>\n\t\t\t\t\t<\/div>\n\t\t<\/div>\n\t\t\t\t\t<\/div>\n\t\t<\/section>\n\t\t\t\t<\/div>\n\t\t","protected":false},"excerpt":{"rendered":"<p>Emmanuelle Marruchi Infirmi\u00e8re depuis 20 ans, exp\u00e9riences diverses (Gyn\u00e9cologie, Orthop\u00e9die, G\u00e9riatrie, soins de suite, M\u00e9decine, Oncologie\u2026) Exp\u00e9rience dans la prise en charge des plaies et du retard de cicatrisation depuis 9 ans Infirmi\u00e8re experte DU Plaies depuis 2020 Marie-Am\u00e9lie \u00a0GARREAU \u00a0Infirmi\u00e8re depuis 17 ans, exp\u00e9riences diverses (Chirurgie orthop\u00e9dique, g\u00e9n\u00e9rale et ambulatoire, service de m\u00e9decine interne) [&hellip;]<\/p>\n","protected":false},"author":1,"featured_media":0,"parent":0,"menu_order":0,"comment_status":"closed","ping_status":"closed","template":"","meta":{"zakra_sidebar_layout":"customizer","zakra_remove_content_margin":false,"zakra_sidebar":"customizer","zakra_transparent_header":"customizer","zakra_logo":0,"zakra_main_header_style":"default","zakra_menu_item_color":"","zakra_menu_item_hover_color":"","zakra_menu_item_active_color":"","zakra_menu_active_style":"","zakra_page_header":true,"footnotes":""},"class_list":["post-71","page","type-page","status-publish","hentry"],"yoast_head":"<!-- This site is optimized with the Yoast SEO plugin v24.3 - https:\/\/yoast.com\/wordpress\/plugins\/seo\/ -->\n<title>Qui sommes nous ? - CPEDema<\/title>\n<meta name=\"description\" content=\"Infirmi\u00e8re depuis 18 ans, exp\u00e9riences diverses (Gyn\u00e9cologie, Orthop\u00e9die, G\u00e9riatrie, soins de suite, M\u00e9decine, Oncologie\u2026)Exp\u00e9rience dans la prise en charge des plaies et du retard de cicatrisation depuis 7 ans Infirmi\u00e8re experte DU Plaies depuis 2020\" \/>\n<meta name=\"robots\" content=\"index, follow, max-snippet:-1, max-image-preview:large, max-video-preview:-1\" \/>\n<link rel=\"canonical\" href=\"https:\/\/cpedema.fr\/?page_id=71\" \/>\n<meta property=\"og:locale\" content=\"fr_FR\" \/>\n<meta property=\"og:type\" content=\"article\" \/>\n<meta property=\"og:title\" content=\"Qui sommes nous ? - CPEDema\" \/>\n<meta property=\"og:description\" content=\"Infirmi\u00e8re depuis 18 ans, exp\u00e9riences diverses (Gyn\u00e9cologie, Orthop\u00e9die, G\u00e9riatrie, soins de suite, M\u00e9decine, Oncologie\u2026)Exp\u00e9rience dans la prise en charge des plaies et du retard de cicatrisation depuis 7 ans Infirmi\u00e8re experte DU Plaies depuis 2020\" \/>\n<meta property=\"og:url\" content=\"https:\/\/cpedema.fr\/?page_id=71\" \/>\n<meta property=\"og:site_name\" content=\"CPEDema\" \/>\n<meta property=\"article:modified_time\" content=\"2025-02-03T11:55:37+00:00\" \/>\n<meta property=\"og:image\" content=\"https:\/\/cpedema.fr\/wp-content\/uploads\/2023\/04\/IMG_20230320_164420_edit_124460336799237-199x300.jpg\" \/>\n<meta name=\"twitter:card\" content=\"summary_large_image\" \/>\n<meta name=\"twitter:label1\" content=\"Dur\u00e9e de lecture estim\u00e9e\" \/>\n\t<meta name=\"twitter:data1\" content=\"1 minute\" \/>\n<script type=\"application\/ld+json\" class=\"yoast-schema-graph\">{\"@context\":\"https:\/\/schema.org\",\"@graph\":[{\"@type\":\"WebPage\",\"@id\":\"https:\/\/cpedema.fr\/?page_id=71\",\"url\":\"https:\/\/cpedema.fr\/?page_id=71\",\"name\":\"Qui sommes nous ? - CPEDema\",\"isPartOf\":{\"@id\":\"https:\/\/cpedema.fr\/#website\"},\"primaryImageOfPage\":{\"@id\":\"https:\/\/cpedema.fr\/?page_id=71#primaryimage\"},\"image\":{\"@id\":\"https:\/\/cpedema.fr\/?page_id=71#primaryimage\"},\"thumbnailUrl\":\"https:\/\/cpedema.fr\/wp-content\/uploads\/2023\/04\/IMG_20230320_164420_edit_124460336799237-199x300.jpg\",\"datePublished\":\"2023-04-04T09:36:26+00:00\",\"dateModified\":\"2025-02-03T11:55:37+00:00\",\"description\":\"Infirmi\u00e8re depuis 18 ans, exp\u00e9riences diverses (Gyn\u00e9cologie, Orthop\u00e9die, G\u00e9riatrie, soins de suite, M\u00e9decine, Oncologie\u2026)Exp\u00e9rience dans la prise en charge des plaies et du retard de cicatrisation depuis 7 ans Infirmi\u00e8re experte DU Plaies depuis 2020\",\"breadcrumb\":{\"@id\":\"https:\/\/cpedema.fr\/?page_id=71#breadcrumb\"},\"inLanguage\":\"fr-FR\",\"potentialAction\":[{\"@type\":\"ReadAction\",\"target\":[\"https:\/\/cpedema.fr\/?page_id=71\"]}]},{\"@type\":\"ImageObject\",\"inLanguage\":\"fr-FR\",\"@id\":\"https:\/\/cpedema.fr\/?page_id=71#primaryimage\",\"url\":\"https:\/\/cpedema.fr\/wp-content\/uploads\/2023\/04\/IMG_20230320_164420_edit_124460336799237.jpg\",\"contentUrl\":\"https:\/\/cpedema.fr\/wp-content\/uploads\/2023\/04\/IMG_20230320_164420_edit_124460336799237.jpg\",\"width\":1520,\"height\":2287,\"caption\":\"rpt\"},{\"@type\":\"BreadcrumbList\",\"@id\":\"https:\/\/cpedema.fr\/?page_id=71#breadcrumb\",\"itemListElement\":[{\"@type\":\"ListItem\",\"position\":1,\"name\":\"Accueil\",\"item\":\"https:\/\/cpedema.fr\/\"},{\"@type\":\"ListItem\",\"position\":2,\"name\":\"L'\u00e9quipe\"}]},{\"@type\":\"WebSite\",\"@id\":\"https:\/\/cpedema.fr\/#website\",\"url\":\"https:\/\/cpedema.fr\/\",\"name\":\"CPEDema\",\"description\":\"Cicatrisation Plaies Expertises\u00a0\u00e0\u00a0Domicile\",\"publisher\":{\"@id\":\"https:\/\/cpedema.fr\/#organization\"},\"potentialAction\":[{\"@type\":\"SearchAction\",\"target\":{\"@type\":\"EntryPoint\",\"urlTemplate\":\"https:\/\/cpedema.fr\/?s={search_term_string}\"},\"query-input\":{\"@type\":\"PropertyValueSpecification\",\"valueRequired\":true,\"valueName\":\"search_term_string\"}}],\"inLanguage\":\"fr-FR\"},{\"@type\":\"Organization\",\"@id\":\"https:\/\/cpedema.fr\/#organization\",\"name\":\"CPEDema\",\"url\":\"https:\/\/cpedema.fr\/\",\"logo\":{\"@type\":\"ImageObject\",\"inLanguage\":\"fr-FR\",\"@id\":\"https:\/\/cpedema.fr\/#\/schema\/logo\/image\/\",\"url\":\"https:\/\/cpedema.fr\/wp-content\/uploads\/2025\/01\/CPEDema_LOGOTYPE.png\",\"contentUrl\":\"https:\/\/cpedema.fr\/wp-content\/uploads\/2025\/01\/CPEDema_LOGOTYPE.png\",\"width\":4961,\"height\":3508,\"caption\":\"CPEDema\"},\"image\":{\"@id\":\"https:\/\/cpedema.fr\/#\/schema\/logo\/image\/\"}}]}<\/script>\n<!-- \/ Yoast SEO plugin. -->","yoast_head_json":{"title":"Qui sommes nous ? - CPEDema","description":"Infirmi\u00e8re depuis 18 ans, exp\u00e9riences diverses (Gyn\u00e9cologie, Orthop\u00e9die, G\u00e9riatrie, soins de suite, M\u00e9decine, Oncologie\u2026)Exp\u00e9rience dans la prise en charge des plaies et du retard de cicatrisation depuis 7 ans Infirmi\u00e8re experte DU Plaies depuis 2020","robots":{"index":"index","follow":"follow","max-snippet":"max-snippet:-1","max-image-preview":"max-image-preview:large","max-video-preview":"max-video-preview:-1"},"canonical":"https:\/\/cpedema.fr\/?page_id=71","og_locale":"fr_FR","og_type":"article","og_title":"Qui sommes nous ? - CPEDema","og_description":"Infirmi\u00e8re depuis 18 ans, exp\u00e9riences diverses (Gyn\u00e9cologie, Orthop\u00e9die, G\u00e9riatrie, soins de suite, M\u00e9decine, Oncologie\u2026)Exp\u00e9rience dans la prise en charge des plaies et du retard de cicatrisation depuis 7 ans Infirmi\u00e8re experte DU Plaies depuis 2020","og_url":"https:\/\/cpedema.fr\/?page_id=71","og_site_name":"CPEDema","article_modified_time":"2025-02-03T11:55:37+00:00","og_image":[{"url":"https:\/\/cpedema.fr\/wp-content\/uploads\/2023\/04\/IMG_20230320_164420_edit_124460336799237-199x300.jpg","type":"","width":"","height":""}],"twitter_card":"summary_large_image","twitter_misc":{"Dur\u00e9e de lecture estim\u00e9e":"1 minute"},"schema":{"@context":"https:\/\/schema.org","@graph":[{"@type":"WebPage","@id":"https:\/\/cpedema.fr\/?page_id=71","url":"https:\/\/cpedema.fr\/?page_id=71","name":"Qui sommes nous ? - CPEDema","isPartOf":{"@id":"https:\/\/cpedema.fr\/#website"},"primaryImageOfPage":{"@id":"https:\/\/cpedema.fr\/?page_id=71#primaryimage"},"image":{"@id":"https:\/\/cpedema.fr\/?page_id=71#primaryimage"},"thumbnailUrl":"https:\/\/cpedema.fr\/wp-content\/uploads\/2023\/04\/IMG_20230320_164420_edit_124460336799237-199x300.jpg","datePublished":"2023-04-04T09:36:26+00:00","dateModified":"2025-02-03T11:55:37+00:00","description":"Infirmi\u00e8re depuis 18 ans, exp\u00e9riences diverses (Gyn\u00e9cologie, Orthop\u00e9die, G\u00e9riatrie, soins de suite, M\u00e9decine, Oncologie\u2026)Exp\u00e9rience dans la prise en charge des plaies et du retard de cicatrisation depuis 7 ans Infirmi\u00e8re experte DU Plaies depuis 2020","breadcrumb":{"@id":"https:\/\/cpedema.fr\/?page_id=71#breadcrumb"},"inLanguage":"fr-FR","potentialAction":[{"@type":"ReadAction","target":["https:\/\/cpedema.fr\/?page_id=71"]}]},{"@type":"ImageObject","inLanguage":"fr-FR","@id":"https:\/\/cpedema.fr\/?page_id=71#primaryimage","url":"https:\/\/cpedema.fr\/wp-content\/uploads\/2023\/04\/IMG_20230320_164420_edit_124460336799237.jpg","contentUrl":"https:\/\/cpedema.fr\/wp-content\/uploads\/2023\/04\/IMG_20230320_164420_edit_124460336799237.jpg","width":1520,"height":2287,"caption":"rpt"},{"@type":"BreadcrumbList","@id":"https:\/\/cpedema.fr\/?page_id=71#breadcrumb","itemListElement":[{"@type":"ListItem","position":1,"name":"Accueil","item":"https:\/\/cpedema.fr\/"},{"@type":"ListItem","position":2,"name":"L'\u00e9quipe"}]},{"@type":"WebSite","@id":"https:\/\/cpedema.fr\/#website","url":"https:\/\/cpedema.fr\/","name":"CPEDema","description":"Cicatrisation Plaies Expertises\u00a0\u00e0\u00a0Domicile","publisher":{"@id":"https:\/\/cpedema.fr\/#organization"},"potentialAction":[{"@type":"SearchAction","target":{"@type":"EntryPoint","urlTemplate":"https:\/\/cpedema.fr\/?s={search_term_string}"},"query-input":{"@type":"PropertyValueSpecification","valueRequired":true,"valueName":"search_term_string"}}],"inLanguage":"fr-FR"},{"@type":"Organization","@id":"https:\/\/cpedema.fr\/#organization","name":"CPEDema","url":"https:\/\/cpedema.fr\/","logo":{"@type":"ImageObject","inLanguage":"fr-FR","@id":"https:\/\/cpedema.fr\/#\/schema\/logo\/image\/","url":"https:\/\/cpedema.fr\/wp-content\/uploads\/2025\/01\/CPEDema_LOGOTYPE.png","contentUrl":"https:\/\/cpedema.fr\/wp-content\/uploads\/2025\/01\/CPEDema_LOGOTYPE.png","width":4961,"height":3508,"caption":"CPEDema"},"image":{"@id":"https:\/\/cpedema.fr\/#\/schema\/logo\/image\/"}}]}},"_links":{"self":[{"href":"https:\/\/cpedema.fr\/index.php?rest_route=\/wp\/v2\/pages\/71","targetHints":{"allow":["GET"]}}],"collection":[{"href":"https:\/\/cpedema.fr\/index.php?rest_route=\/wp\/v2\/pages"}],"about":[{"href":"https:\/\/cpedema.fr\/index.php?rest_route=\/wp\/v2\/types\/page"}],"author":[{"embeddable":true,"href":"https:\/\/cpedema.fr\/index.php?rest_route=\/wp\/v2\/users\/1"}],"replies":[{"embeddable":true,"href":"https:\/\/cpedema.fr\/index.php?rest_route=%2Fwp%2Fv2%2Fcomments&post=71"}],"version-history":[{"count":23,"href":"https:\/\/cpedema.fr\/index.php?rest_route=\/wp\/v2\/pages\/71\/revisions"}],"predecessor-version":[{"id":285,"href":"https:\/\/cpedema.fr\/index.php?rest_route=\/wp\/v2\/pages\/71\/revisions\/285"}],"wp:attachment":[{"href":"https:\/\/cpedema.fr\/index.php?rest_route=%2Fwp%2Fv2%2Fmedia&parent=71"}],"curies":[{"name":"wp","href":"https:\/\/api.w.org\/{rel}","templated":true}]}}