{"id":73,"date":"2023-04-04T11:36:05","date_gmt":"2023-04-04T09:36:05","guid":{"rendered":"https:\/?page_id=73"},"modified":"2024-12-18T15:41:35","modified_gmt":"2024-12-18T14:41:35","slug":"nous-contacter","status":"publish","type":"page","link":"https:\/\/cpedema.fr\/?page_id=73","title":{"rendered":"Nous contacter"},"content":{"rendered":"\t\t<div data-elementor-type=\"wp-page\" data-elementor-id=\"73\" class=\"elementor elementor-73\">\n\t\t\t\t\t\t<section class=\"elementor-section elementor-top-section elementor-element elementor-element-3a9c1c5 elementor-section-boxed elementor-section-height-default elementor-section-height-default\" data-id=\"3a9c1c5\" data-element_type=\"section\" data-e-type=\"section\">\n\t\t\t\t\t\t<div class=\"elementor-container elementor-column-gap-default\">\n\t\t\t\t\t<div class=\"elementor-column elementor-col-100 elementor-top-column elementor-element elementor-element-4a9b173\" data-id=\"4a9b173\" data-element_type=\"column\" data-e-type=\"column\">\n\t\t\t<div class=\"elementor-widget-wrap elementor-element-populated\">\n\t\t\t\t\t\t<div class=\"elementor-element elementor-element-e0fe348 elementor-widget elementor-widget-heading\" data-id=\"e0fe348\" data-element_type=\"widget\" data-e-type=\"widget\" data-widget_type=\"heading.default\">\n\t\t\t\t<div class=\"elementor-widget-container\">\n\t\t\t\t\t<h2 class=\"elementor-heading-title elementor-size-default\">Nous contacter<\/h2>\t\t\t\t<\/div>\n\t\t\t\t<\/div>\n\t\t\t\t\t<\/div>\n\t\t<\/div>\n\t\t\t\t\t<\/div>\n\t\t<\/section>\n\t\t\t\t<section class=\"elementor-section elementor-top-section elementor-element elementor-element-8adc5d8 elementor-section-boxed elementor-section-height-default elementor-section-height-default\" data-id=\"8adc5d8\" data-element_type=\"section\" data-e-type=\"section\">\n\t\t\t\t\t\t<div class=\"elementor-container elementor-column-gap-default\">\n\t\t\t\t\t<div class=\"elementor-column elementor-col-100 elementor-top-column elementor-element elementor-element-e7f6251\" data-id=\"e7f6251\" data-element_type=\"column\" data-e-type=\"column\">\n\t\t\t<div class=\"elementor-widget-wrap elementor-element-populated\">\n\t\t\t\t\t\t<div class=\"elementor-element elementor-element-e6bfbbf elementor-widget elementor-widget-text-editor\" data-id=\"e6bfbbf\" data-element_type=\"widget\" data-e-type=\"widget\" data-widget_type=\"text-editor.default\">\n\t\t\t\t<div class=\"elementor-widget-container\">\n\t\t\t\t\t\t\t\t\t<p><span style=\"font-family: Tahoma, sans-serif;\"><span style=\"font-size: 14pt;\">Par mail \u00e0 l&rsquo;adresse suivante : contact@cpedema.fr<\/span><\/span><\/p><p>T\u00e9l\u00e9phone : 09 78 80 65 63<br \/>Portables :\u00a0<br \/>Emmanuelle : 07 66 50 46 01<br \/>Marie Am\u00e9lie : 07 45 04 99 93<\/p>\t\t\t\t\t\t\t\t<\/div>\n\t\t\t\t<\/div>\n\t\t\t\t\t<\/div>\n\t\t<\/div>\n\t\t\t\t\t<\/div>\n\t\t<\/section>\n\t\t\t\t<section class=\"elementor-section elementor-top-section elementor-element elementor-element-adc4a2b elementor-section-boxed elementor-section-height-default elementor-section-height-default\" data-id=\"adc4a2b\" data-element_type=\"section\" data-e-type=\"section\">\n\t\t\t\t\t\t<div class=\"elementor-container elementor-column-gap-default\">\n\t\t\t\t\t<div class=\"elementor-column elementor-col-100 elementor-top-column elementor-element elementor-element-908b585\" data-id=\"908b585\" data-element_type=\"column\" data-e-type=\"column\">\n\t\t\t<div class=\"elementor-widget-wrap elementor-element-populated\">\n\t\t\t\t\t\t<div class=\"elementor-element elementor-element-0ecd5ff elementor-widget elementor-widget-shortcode\" data-id=\"0ecd5ff\" data-element_type=\"widget\" data-e-type=\"widget\" data-widget_type=\"shortcode.default\">\n\t\t\t\t<div class=\"elementor-widget-container\">\n\t\t\t\t\t\t\t<div class=\"elementor-shortcode\">\n<div class=\"wpcf7 no-js\" id=\"wpcf7-f95-o1\" lang=\"fr-FR\" dir=\"ltr\" data-wpcf7-id=\"95\">\n<div class=\"screen-reader-response\"><p role=\"status\" aria-live=\"polite\" aria-atomic=\"true\"><\/p> <ul><\/ul><\/div>\n<form action=\"\/index.php?rest_route=%2Fwp%2Fv2%2Fpages%2F73#wpcf7-f95-o1\" method=\"post\" class=\"wpcf7-form init\" aria-label=\"Formulaire de contact\" enctype=\"multipart\/form-data\" novalidate=\"novalidate\" data-status=\"init\">\n<div style=\"display: none;\">\n<input type=\"hidden\" name=\"_wpcf7\" value=\"95\" \/>\n<input type=\"hidden\" name=\"_wpcf7_version\" value=\"6.0.6\" \/>\n<input type=\"hidden\" name=\"_wpcf7_locale\" value=\"fr_FR\" \/>\n<input type=\"hidden\" name=\"_wpcf7_unit_tag\" value=\"wpcf7-f95-o1\" \/>\n<input type=\"hidden\" name=\"_wpcf7_container_post\" value=\"0\" \/>\n<input type=\"hidden\" name=\"_wpcf7_posted_data_hash\" value=\"\" \/>\n<\/div>\n<p><label><strong> Le demandeur : <\/strong><\/label>\n<\/p>\n<p><label> Vos noms et pr\u00e9noms<br \/>\n<span class=\"wpcf7-form-control-wrap\" data-name=\"your-name\"><input size=\"40\" maxlength=\"400\" class=\"wpcf7-form-control wpcf7-text wpcf7-validates-as-required\" autocomplete=\"name\" aria-required=\"true\" aria-invalid=\"false\" value=\"\" type=\"text\" name=\"your-name\" \/><\/span> <\/label>\n<\/p>\n<p><label> Num\u00e9ro de t\u00e9l\u00e9phone <\/label><br \/>\n<span class=\"wpcf7-form-control-wrap\" data-name=\"Telephone\"><input size=\"40\" maxlength=\"400\" class=\"wpcf7-form-control wpcf7-tel wpcf7-validates-as-required wpcf7-text wpcf7-validates-as-tel\" aria-required=\"true\" aria-invalid=\"false\" value=\"\" type=\"tel\" name=\"Telephone\" \/><\/span>\n<\/p>\n<p><label> Votre e-mail<br \/>\n<span class=\"wpcf7-form-control-wrap\" data-name=\"your-email\"><input size=\"40\" maxlength=\"400\" class=\"wpcf7-form-control wpcf7-email wpcf7-validates-as-required wpcf7-text wpcf7-validates-as-email\" autocomplete=\"email\" aria-required=\"true\" aria-invalid=\"false\" value=\"\" type=\"email\" name=\"your-email\" \/><\/span> <\/label>\n<\/p>\n<p><label> Votre adresse<br \/>\n<span class=\"wpcf7-form-control-wrap\" data-name=\"Adresse_dem\"><input size=\"40\" maxlength=\"400\" class=\"wpcf7-form-control wpcf7-text wpcf7-validates-as-required\" aria-required=\"true\" aria-invalid=\"false\" placeholder=\"\" value=\"\" type=\"text\" name=\"Adresse_dem\" \/><\/span><\/label>\n<\/p>\n<p><label> <strong>La personne concern\u00e9e : <\/strong><\/label>\n<\/p>\n<p><label> nom et pr\u00e9nom du patient<br \/>\n<span class=\"wpcf7-form-control-wrap\" data-name=\"text-150\"><input size=\"40\" maxlength=\"400\" class=\"wpcf7-form-control wpcf7-text wpcf7-validates-as-required\" aria-required=\"true\" aria-invalid=\"false\" value=\"\" type=\"text\" name=\"text-150\" \/><\/span><\/label>\n<\/p>\n<p><label>T\u00e9l\u00e9phone du patient<br \/>\n<span class=\"wpcf7-form-control-wrap\" data-name=\"tel-1\"><input size=\"40\" maxlength=\"400\" class=\"wpcf7-form-control wpcf7-tel wpcf7-validates-as-required wpcf7-text wpcf7-validates-as-tel\" aria-required=\"true\" aria-invalid=\"false\" value=\"\" type=\"tel\" name=\"tel-1\" \/><\/span><\/label>\n<\/p>\n<p><label> Adresse du patient<br \/>\n<span class=\"wpcf7-form-control-wrap\" data-name=\"text-25\"><input size=\"40\" maxlength=\"400\" class=\"wpcf7-form-control wpcf7-text wpcf7-validates-as-required\" aria-required=\"true\" aria-invalid=\"false\" placeholder=\"\" value=\"\" type=\"text\" name=\"text-25\" \/><\/span> <\/label>\n<\/p>\n<p><label> Descriptif de la demande<br \/>\n<span class=\"wpcf7-form-control-wrap\" data-name=\"your-message\"><textarea cols=\"40\" rows=\"10\" maxlength=\"2000\" class=\"wpcf7-form-control wpcf7-textarea wpcf7-validates-as-required\" aria-required=\"true\" aria-invalid=\"false\" name=\"your-message\"><\/textarea><\/span> <\/label>\n<\/p>\n<p><label> Photo si possible<br \/>\n<span class=\"wpcf7-form-control-wrap\" data-name=\"file-613\"><input size=\"40\" class=\"wpcf7-form-control wpcf7-file\" accept=\"audio\/*,video\/*,image\/*\" aria-invalid=\"false\" type=\"file\" name=\"file-613\" \/><\/span> <\/label>\n<\/p>\n<p><input class=\"wpcf7-form-control wpcf7-submit has-spinner\" type=\"submit\" value=\"Envoyer\" \/>\n<\/p><div class=\"wpcf7-response-output\" aria-hidden=\"true\"><\/div>\n<\/form>\n<\/div>\n<\/div>\n\t\t\t\t\t\t<\/div>\n\t\t\t\t<\/div>\n\t\t\t\t\t<\/div>\n\t\t<\/div>\n\t\t\t\t\t<\/div>\n\t\t<\/section>\n\t\t\t\t<\/div>\n\t\t","protected":false},"excerpt":{"rendered":"<p>Nous contacter Par mail \u00e0 l&rsquo;adresse suivante : contact@cpedema.fr T\u00e9l\u00e9phone : 09 78 80 65 63Portables :\u00a0Emmanuelle : 07 66 50 46 01Marie Am\u00e9lie : 07 45 04 99 93<\/p>\n","protected":false},"author":1,"featured_media":0,"parent":0,"menu_order":0,"comment_status":"closed","ping_status":"closed","template":"","meta":{"zakra_sidebar_layout":"customizer","zakra_remove_content_margin":false,"zakra_sidebar":"customizer","zakra_transparent_header":"customizer","zakra_logo":0,"zakra_main_header_style":"default","zakra_menu_item_color":"","zakra_menu_item_hover_color":"","zakra_menu_item_active_color":"","zakra_menu_active_style":"","zakra_page_header":true,"footnotes":""},"class_list":["post-73","page","type-page","status-publish","hentry"],"yoast_head":"<!-- This site is optimized with the Yoast SEO plugin v24.3 - https:\/\/yoast.com\/wordpress\/plugins\/seo\/ -->\n<title>Nous contacter - CPEDema<\/title>\n<meta name=\"robots\" content=\"index, follow, max-snippet:-1, max-image-preview:large, max-video-preview:-1\" \/>\n<link rel=\"canonical\" href=\"https:\/\/cpedema.fr\/?page_id=73\" \/>\n<meta property=\"og:locale\" content=\"fr_FR\" \/>\n<meta property=\"og:type\" content=\"article\" \/>\n<meta property=\"og:title\" content=\"Nous contacter - CPEDema\" \/>\n<meta property=\"og:description\" content=\"Nous contacter Par mail \u00e0 l&rsquo;adresse suivante : contact@cpedema.fr T\u00e9l\u00e9phone : 09 78 80 65 63Portables :\u00a0Emmanuelle : 07 66 50 46 01Marie Am\u00e9lie : 07 45 04 99 93\" \/>\n<meta property=\"og:url\" content=\"https:\/\/cpedema.fr\/?page_id=73\" \/>\n<meta property=\"og:site_name\" content=\"CPEDema\" \/>\n<meta property=\"article:modified_time\" content=\"2024-12-18T14:41:35+00:00\" \/>\n<meta name=\"twitter:card\" content=\"summary_large_image\" \/>\n<meta name=\"twitter:label1\" content=\"Dur\u00e9e de lecture estim\u00e9e\" \/>\n\t<meta name=\"twitter:data1\" content=\"1 minute\" \/>\n<script type=\"application\/ld+json\" class=\"yoast-schema-graph\">{\"@context\":\"https:\/\/schema.org\",\"@graph\":[{\"@type\":\"WebPage\",\"@id\":\"https:\/\/cpedema.fr\/?page_id=73\",\"url\":\"https:\/\/cpedema.fr\/?page_id=73\",\"name\":\"Nous contacter - CPEDema\",\"isPartOf\":{\"@id\":\"https:\/\/cpedema.fr\/#website\"},\"datePublished\":\"2023-04-04T09:36:05+00:00\",\"dateModified\":\"2024-12-18T14:41:35+00:00\",\"breadcrumb\":{\"@id\":\"https:\/\/cpedema.fr\/?page_id=73#breadcrumb\"},\"inLanguage\":\"fr-FR\",\"potentialAction\":[{\"@type\":\"ReadAction\",\"target\":[\"https:\/\/cpedema.fr\/?page_id=73\"]}]},{\"@type\":\"BreadcrumbList\",\"@id\":\"https:\/\/cpedema.fr\/?page_id=73#breadcrumb\",\"itemListElement\":[{\"@type\":\"ListItem\",\"position\":1,\"name\":\"Accueil\",\"item\":\"https:\/\/cpedema.fr\/\"},{\"@type\":\"ListItem\",\"position\":2,\"name\":\"Nous contacter\"}]},{\"@type\":\"WebSite\",\"@id\":\"https:\/\/cpedema.fr\/#website\",\"url\":\"https:\/\/cpedema.fr\/\",\"name\":\"CPEDema\",\"description\":\"Cicatrisation Plaies Expertises\u00a0\u00e0\u00a0Domicile\",\"publisher\":{\"@id\":\"https:\/\/cpedema.fr\/#organization\"},\"potentialAction\":[{\"@type\":\"SearchAction\",\"target\":{\"@type\":\"EntryPoint\",\"urlTemplate\":\"https:\/\/cpedema.fr\/?s={search_term_string}\"},\"query-input\":{\"@type\":\"PropertyValueSpecification\",\"valueRequired\":true,\"valueName\":\"search_term_string\"}}],\"inLanguage\":\"fr-FR\"},{\"@type\":\"Organization\",\"@id\":\"https:\/\/cpedema.fr\/#organization\",\"name\":\"CPEDema\",\"url\":\"https:\/\/cpedema.fr\/\",\"logo\":{\"@type\":\"ImageObject\",\"inLanguage\":\"fr-FR\",\"@id\":\"https:\/\/cpedema.fr\/#\/schema\/logo\/image\/\",\"url\":\"https:\/\/cpedema.fr\/wp-content\/uploads\/2025\/01\/CPEDema_LOGOTYPE.png\",\"contentUrl\":\"https:\/\/cpedema.fr\/wp-content\/uploads\/2025\/01\/CPEDema_LOGOTYPE.png\",\"width\":4961,\"height\":3508,\"caption\":\"CPEDema\"},\"image\":{\"@id\":\"https:\/\/cpedema.fr\/#\/schema\/logo\/image\/\"}}]}<\/script>\n<!-- \/ Yoast SEO plugin. -->","yoast_head_json":{"title":"Nous contacter - CPEDema","robots":{"index":"index","follow":"follow","max-snippet":"max-snippet:-1","max-image-preview":"max-image-preview:large","max-video-preview":"max-video-preview:-1"},"canonical":"https:\/\/cpedema.fr\/?page_id=73","og_locale":"fr_FR","og_type":"article","og_title":"Nous contacter - CPEDema","og_description":"Nous contacter Par mail \u00e0 l&rsquo;adresse suivante : contact@cpedema.fr T\u00e9l\u00e9phone : 09 78 80 65 63Portables :\u00a0Emmanuelle : 07 66 50 46 01Marie Am\u00e9lie : 07 45 04 99 93","og_url":"https:\/\/cpedema.fr\/?page_id=73","og_site_name":"CPEDema","article_modified_time":"2024-12-18T14:41:35+00:00","twitter_card":"summary_large_image","twitter_misc":{"Dur\u00e9e de lecture estim\u00e9e":"1 minute"},"schema":{"@context":"https:\/\/schema.org","@graph":[{"@type":"WebPage","@id":"https:\/\/cpedema.fr\/?page_id=73","url":"https:\/\/cpedema.fr\/?page_id=73","name":"Nous contacter - CPEDema","isPartOf":{"@id":"https:\/\/cpedema.fr\/#website"},"datePublished":"2023-04-04T09:36:05+00:00","dateModified":"2024-12-18T14:41:35+00:00","breadcrumb":{"@id":"https:\/\/cpedema.fr\/?page_id=73#breadcrumb"},"inLanguage":"fr-FR","potentialAction":[{"@type":"ReadAction","target":["https:\/\/cpedema.fr\/?page_id=73"]}]},{"@type":"BreadcrumbList","@id":"https:\/\/cpedema.fr\/?page_id=73#breadcrumb","itemListElement":[{"@type":"ListItem","position":1,"name":"Accueil","item":"https:\/\/cpedema.fr\/"},{"@type":"ListItem","position":2,"name":"Nous contacter"}]},{"@type":"WebSite","@id":"https:\/\/cpedema.fr\/#website","url":"https:\/\/cpedema.fr\/","name":"CPEDema","description":"Cicatrisation Plaies Expertises\u00a0\u00e0\u00a0Domicile","publisher":{"@id":"https:\/\/cpedema.fr\/#organization"},"potentialAction":[{"@type":"SearchAction","target":{"@type":"EntryPoint","urlTemplate":"https:\/\/cpedema.fr\/?s={search_term_string}"},"query-input":{"@type":"PropertyValueSpecification","valueRequired":true,"valueName":"search_term_string"}}],"inLanguage":"fr-FR"},{"@type":"Organization","@id":"https:\/\/cpedema.fr\/#organization","name":"CPEDema","url":"https:\/\/cpedema.fr\/","logo":{"@type":"ImageObject","inLanguage":"fr-FR","@id":"https:\/\/cpedema.fr\/#\/schema\/logo\/image\/","url":"https:\/\/cpedema.fr\/wp-content\/uploads\/2025\/01\/CPEDema_LOGOTYPE.png","contentUrl":"https:\/\/cpedema.fr\/wp-content\/uploads\/2025\/01\/CPEDema_LOGOTYPE.png","width":4961,"height":3508,"caption":"CPEDema"},"image":{"@id":"https:\/\/cpedema.fr\/#\/schema\/logo\/image\/"}}]}},"_links":{"self":[{"href":"https:\/\/cpedema.fr\/index.php?rest_route=\/wp\/v2\/pages\/73","targetHints":{"allow":["GET"]}}],"collection":[{"href":"https:\/\/cpedema.fr\/index.php?rest_route=\/wp\/v2\/pages"}],"about":[{"href":"https:\/\/cpedema.fr\/index.php?rest_route=\/wp\/v2\/types\/page"}],"author":[{"embeddable":true,"href":"https:\/\/cpedema.fr\/index.php?rest_route=\/wp\/v2\/users\/1"}],"replies":[{"embeddable":true,"href":"https:\/\/cpedema.fr\/index.php?rest_route=%2Fwp%2Fv2%2Fcomments&post=73"}],"version-history":[{"count":23,"href":"https:\/\/cpedema.fr\/index.php?rest_route=\/wp\/v2\/pages\/73\/revisions"}],"predecessor-version":[{"id":252,"href":"https:\/\/cpedema.fr\/index.php?rest_route=\/wp\/v2\/pages\/73\/revisions\/252"}],"wp:attachment":[{"href":"https:\/\/cpedema.fr\/index.php?rest_route=%2Fwp%2Fv2%2Fmedia&parent=73"}],"curies":[{"name":"wp","href":"https:\/\/api.w.org\/{rel}","templated":true}]}}